{"id":12,"date":"2024-08-10T22:33:47","date_gmt":"2024-08-10T20:33:47","guid":{"rendered":"https:\/\/magazine.corsofinanzaetica.it\/?page_id=12"},"modified":"2024-08-12T14:07:45","modified_gmt":"2024-08-12T12:07:45","slug":"parita","status":"publish","type":"page","link":"https:\/\/magazine.corsofinanzaetica.it\/?page_id=12","title":{"rendered":"Parit\u00e0"},"content":{"rendered":"\t\t<div data-elementor-type=\"wp-page\" data-elementor-id=\"12\" class=\"elementor elementor-12\" data-elementor-post-type=\"page\">\n\t\t\t\t<div class=\"elementor-element elementor-element-cb00659 e-con-full e-flex e-con e-parent\" data-id=\"cb00659\" data-element_type=\"container\">\n\t\t\t\t<div class=\"elementor-element elementor-element-01da4ec elementor-grid-3 elementor-grid-tablet-2 elementor-grid-mobile-1 elementor-posts--thumbnail-top elementor-posts--show-avatar elementor-card-shadow-yes elementor-posts__hover-gradient load-more-align-center elementor-widget elementor-widget-posts\" data-id=\"01da4ec\" data-element_type=\"widget\" data-settings=\"{&quot;pagination_type&quot;:&quot;load_more_on_click&quot;,&quot;cards_columns&quot;:&quot;3&quot;,&quot;cards_columns_tablet&quot;:&quot;2&quot;,&quot;cards_columns_mobile&quot;:&quot;1&quot;,&quot;cards_row_gap&quot;:{&quot;unit&quot;:&quot;px&quot;,&quot;size&quot;:35,&quot;sizes&quot;:[]},&quot;cards_row_gap_tablet&quot;:{&quot;unit&quot;:&quot;px&quot;,&quot;size&quot;:&quot;&quot;,&quot;sizes&quot;:[]},&quot;cards_row_gap_mobile&quot;:{&quot;unit&quot;:&quot;px&quot;,&quot;size&quot;:&quot;&quot;,&quot;sizes&quot;:[]},&quot;load_more_spinner&quot;:{&quot;value&quot;:&quot;fas fa-spinner&quot;,&quot;library&quot;:&quot;fa-solid&quot;}}\" data-widget_type=\"posts.cards\">\n\t\t\t\t<div class=\"elementor-widget-container\">\n\t\t\t<link rel=\"stylesheet\" href=\"https:\/\/magazine.corsofinanzaetica.it\/wp-content\/plugins\/elementor-pro\/assets\/css\/widget-posts.min.css?ver=1723322508\">\t\t<div class=\"elementor-posts-container elementor-posts elementor-posts--skin-cards elementor-grid\">\n\t\t\t\t<article class=\"elementor-post elementor-grid-item post-409 post type-post status-publish format-standard has-post-thumbnail hentry category-parita\">\n\t\t\t<div class=\"elementor-post__card\">\n\t\t\t\t<a class=\"elementor-post__thumbnail__link\" href=\"https:\/\/magazine.corsofinanzaetica.it\/?p=409\" tabindex=\"-1\" ><div class=\"elementor-post__thumbnail\"><img decoding=\"async\" width=\"300\" height=\"113\" src=\"https:\/\/magazine.corsofinanzaetica.it\/wp-content\/uploads\/2024\/08\/WhatsApp-Image-2024-08-11-at-23.09.35-300x113.jpeg\" class=\"attachment-medium size-medium wp-image-435\" alt=\"\" srcset=\"https:\/\/magazine.corsofinanzaetica.it\/wp-content\/uploads\/2024\/08\/WhatsApp-Image-2024-08-11-at-23.09.35-300x113.jpeg 300w, https:\/\/magazine.corsofinanzaetica.it\/wp-content\/uploads\/2024\/08\/WhatsApp-Image-2024-08-11-at-23.09.35-1024x384.jpeg 1024w, https:\/\/magazine.corsofinanzaetica.it\/wp-content\/uploads\/2024\/08\/WhatsApp-Image-2024-08-11-at-23.09.35-768x288.jpeg 768w, https:\/\/magazine.corsofinanzaetica.it\/wp-content\/uploads\/2024\/08\/WhatsApp-Image-2024-08-11-at-23.09.35-1536x576.jpeg 1536w, https:\/\/magazine.corsofinanzaetica.it\/wp-content\/uploads\/2024\/08\/WhatsApp-Image-2024-08-11-at-23.09.35.jpeg 1920w\" sizes=\"(max-width: 300px) 100vw, 300px\" \/><\/div><\/a>\n\t\t\t\t<div class=\"elementor-post__badge\">Parit\u00e0<\/div>\n\t\t\t\t<div class=\"elementor-post__avatar\">\n\t\t\t<img alt='magazine' src='https:\/\/secure.gravatar.com\/avatar\/52e2cd47352571b085e7ba1e854998ba5131e11db7fd60c8887f80b52621277e?s=128&#038;d=mm&#038;r=g' srcset='https:\/\/secure.gravatar.com\/avatar\/52e2cd47352571b085e7ba1e854998ba5131e11db7fd60c8887f80b52621277e?s=256&#038;d=mm&#038;r=g 2x' class='avatar avatar-128 photo' height='128' width='128' \/>\t\t<\/div>\n\t\t\t\t<div class=\"elementor-post__text\">\n\t\t\t\t<h3 class=\"elementor-post__title\">\n\t\t\t<a href=\"https:\/\/magazine.corsofinanzaetica.it\/?p=409\" >\n\t\t\t\tDiscriminazioni di Genere sul Posto di Lavoro: Analisi e Soluzioni per Una Maggiore Parit\u00e0\t\t\t<\/a>\n\t\t<\/h3>\n\t\t\t\t<div class=\"elementor-post__excerpt\">\n\t\t\t<p>Le discriminazioni di genere sul posto di lavoro rappresentano una problematica persistente e complessa che continua a influenzare negativamente la vita professionale di molte donne.<\/p>\n\t\t<\/div>\n\t\t\n\t\t<a class=\"elementor-post__read-more\" href=\"https:\/\/magazine.corsofinanzaetica.it\/?p=409\" aria-label=\"Read more about Discriminazioni di Genere sul Posto di Lavoro: Analisi e Soluzioni per Una Maggiore Parit\u00e0\" tabindex=\"-1\" >\n\t\t\tLeggi \u00bb\t\t<\/a>\n\n\t\t\t\t<\/div>\n\t\t\t\t\t<\/div>\n\t\t<\/article>\n\t\t\t\t<article class=\"elementor-post elementor-grid-item post-299 post type-post status-publish format-standard has-post-thumbnail hentry category-parita tag-tag1 tag-tag3 tag-tag5\">\n\t\t\t<div class=\"elementor-post__card\">\n\t\t\t\t<a class=\"elementor-post__thumbnail__link\" href=\"https:\/\/magazine.corsofinanzaetica.it\/?p=299\" tabindex=\"-1\" ><div class=\"elementor-post__thumbnail\"><img decoding=\"async\" width=\"300\" height=\"113\" src=\"https:\/\/magazine.corsofinanzaetica.it\/wp-content\/uploads\/2018\/10\/WhatsApp-Image-2024-08-11-at-23.13.31-300x113.jpeg\" class=\"attachment-medium size-medium wp-image-441\" alt=\"\" srcset=\"https:\/\/magazine.corsofinanzaetica.it\/wp-content\/uploads\/2018\/10\/WhatsApp-Image-2024-08-11-at-23.13.31-300x113.jpeg 300w, https:\/\/magazine.corsofinanzaetica.it\/wp-content\/uploads\/2018\/10\/WhatsApp-Image-2024-08-11-at-23.13.31-1024x384.jpeg 1024w, https:\/\/magazine.corsofinanzaetica.it\/wp-content\/uploads\/2018\/10\/WhatsApp-Image-2024-08-11-at-23.13.31-768x288.jpeg 768w, https:\/\/magazine.corsofinanzaetica.it\/wp-content\/uploads\/2018\/10\/WhatsApp-Image-2024-08-11-at-23.13.31-1536x576.jpeg 1536w, https:\/\/magazine.corsofinanzaetica.it\/wp-content\/uploads\/2018\/10\/WhatsApp-Image-2024-08-11-at-23.13.31.jpeg 1920w\" sizes=\"(max-width: 300px) 100vw, 300px\" \/><\/div><\/a>\n\t\t\t\t<div class=\"elementor-post__badge\">Parit\u00e0<\/div>\n\t\t\t\t<div class=\"elementor-post__avatar\">\n\t\t\t<img alt='magazine' src='https:\/\/secure.gravatar.com\/avatar\/52e2cd47352571b085e7ba1e854998ba5131e11db7fd60c8887f80b52621277e?s=128&#038;d=mm&#038;r=g' srcset='https:\/\/secure.gravatar.com\/avatar\/52e2cd47352571b085e7ba1e854998ba5131e11db7fd60c8887f80b52621277e?s=256&#038;d=mm&#038;r=g 2x' class='avatar avatar-128 photo' height='128' width='128' \/>\t\t<\/div>\n\t\t\t\t<div class=\"elementor-post__text\">\n\t\t\t\t<h3 class=\"elementor-post__title\">\n\t\t\t<a href=\"https:\/\/magazine.corsofinanzaetica.it\/?p=299\" >\n\t\t\t\tParit\u00e0 di Genere in Italia: analisi delle disuguaglianze e progressi nel 2024\t\t\t<\/a>\n\t\t<\/h3>\n\t\t\t\t<div class=\"elementor-post__excerpt\">\n\t\t\t<p>La parit\u00e0 di genere rappresenta una delle sfide pi\u00f9 rilevanti e complesse per le societ\u00e0 moderne, e l&#8217;Italia non fa eccezione.<\/p>\n\t\t<\/div>\n\t\t\n\t\t<a class=\"elementor-post__read-more\" href=\"https:\/\/magazine.corsofinanzaetica.it\/?p=299\" aria-label=\"Read more about Parit\u00e0 di Genere in Italia: analisi delle disuguaglianze e progressi nel 2024\" tabindex=\"-1\" >\n\t\t\tLeggi \u00bb\t\t<\/a>\n\n\t\t\t\t<\/div>\n\t\t\t\t\t<\/div>\n\t\t<\/article>\n\t\t\t\t<\/div>\n\t\t\t\t\t<span class=\"e-load-more-spinner\">\n\t\t\t\t<svg aria-hidden=\"true\" class=\"e-font-icon-svg e-fas-spinner\" viewBox=\"0 0 512 512\" xmlns=\"http:\/\/www.w3.org\/2000\/svg\"><path d=\"M304 48c0 26.51-21.49 48-48 48s-48-21.49-48-48 21.49-48 48-48 48 21.49 48 48zm-48 368c-26.51 0-48 21.49-48 48s21.49 48 48 48 48-21.49 48-48-21.49-48-48-48zm208-208c-26.51 0-48 21.49-48 48s21.49 48 48 48 48-21.49 48-48-21.49-48-48-48zM96 256c0-26.51-21.49-48-48-48S0 229.49 0 256s21.49 48 48 48 48-21.49 48-48zm12.922 99.078c-26.51 0-48 21.49-48 48s21.49 48 48 48 48-21.49 48-48c0-26.509-21.491-48-48-48zm294.156 0c-26.51 0-48 21.49-48 48s21.49 48 48 48 48-21.49 48-48c0-26.509-21.49-48-48-48zM108.922 60.922c-26.51 0-48 21.49-48 48s21.49 48 48 48 48-21.49 48-48-21.491-48-48-48z\"><\/path><\/svg>\t\t\t<\/span>\n\t\t\n\t\t\t\t<\/div>\n\t\t\t\t<\/div>\n\t\t\t\t<\/div>\n\t\t\t\t<\/div>\n\t\t","protected":false},"excerpt":{"rendered":"","protected":false},"author":1,"featured_media":0,"parent":0,"menu_order":0,"comment_status":"closed","ping_status":"closed","template":"","meta":{"om_disable_all_campaigns":false,"_monsterinsights_skip_tracking":false,"_monsterinsights_sitenote_active":false,"_monsterinsights_sitenote_note":"","_monsterinsights_sitenote_category":0,"footnotes":""},"class_list":["post-12","page","type-page","status-publish","hentry"],"aioseo_notices":[],"_links":{"self":[{"href":"https:\/\/magazine.corsofinanzaetica.it\/index.php?rest_route=\/wp\/v2\/pages\/12","targetHints":{"allow":["GET"]}}],"collection":[{"href":"https:\/\/magazine.corsofinanzaetica.it\/index.php?rest_route=\/wp\/v2\/pages"}],"about":[{"href":"https:\/\/magazine.corsofinanzaetica.it\/index.php?rest_route=\/wp\/v2\/types\/page"}],"author":[{"embeddable":true,"href":"https:\/\/magazine.corsofinanzaetica.it\/index.php?rest_route=\/wp\/v2\/users\/1"}],"replies":[{"embeddable":true,"href":"https:\/\/magazine.corsofinanzaetica.it\/index.php?rest_route=%2Fwp%2Fv2%2Fcomments&post=12"}],"version-history":[{"count":6,"href":"https:\/\/magazine.corsofinanzaetica.it\/index.php?rest_route=\/wp\/v2\/pages\/12\/revisions"}],"predecessor-version":[{"id":632,"href":"https:\/\/magazine.corsofinanzaetica.it\/index.php?rest_route=\/wp\/v2\/pages\/12\/revisions\/632"}],"wp:attachment":[{"href":"https:\/\/magazine.corsofinanzaetica.it\/index.php?rest_route=%2Fwp%2Fv2%2Fmedia&parent=12"}],"curies":[{"name":"wp","href":"https:\/\/api.w.org\/{rel}","templated":true}]}}